{"id":243,"date":"2023-05-09T14:29:31","date_gmt":"2023-05-09T12:29:31","guid":{"rendered":"http:\/\/www.paulabarembuem.com\/?page_id=243"},"modified":"2026-01-15T12:18:26","modified_gmt":"2026-01-15T11:18:26","slug":"choirs-singing-lessons","status":"publish","type":"page","link":"https:\/\/www.paulabarembuem.com\/en\/choirs-singing-lessons\/","title":{"rendered":"Choirs &#038; Singing Lessons"},"content":{"rendered":"\t\t<div data-elementor-type=\"wp-page\" data-elementor-id=\"243\" class=\"elementor elementor-243\" data-elementor-post-type=\"page\">\n\t\t\t\t<div class=\"elementor-element elementor-element-3555492 e-flex e-con-boxed e-con e-parent\" data-id=\"3555492\" data-element_type=\"container\" data-e-type=\"container\">\n\t\t\t\t\t<div class=\"e-con-inner\">\n\t\t<div class=\"elementor-element elementor-element-ac3dac6 e-con-full e-flex e-con e-child\" data-id=\"ac3dac6\" data-element_type=\"container\" data-e-type=\"container\">\n\t\t\t\t<div class=\"elementor-element elementor-element-f3cdfcd elementor-widget elementor-widget-image\" data-id=\"f3cdfcd\" data-element_type=\"widget\" data-e-type=\"widget\" data-widget_type=\"image.default\">\n\t\t\t\t<div class=\"elementor-widget-container\">\n\t\t\t\t\t\t\t\t\t\t\t\t\t\t\t<img fetchpriority=\"high\" decoding=\"async\" width=\"1024\" height=\"1536\" src=\"https:\/\/www.paulabarembuem.com\/wp-content\/uploads\/2026\/01\/ChatGPT-Image-2-ene-2026-04_45_14-p.m.png\" class=\"attachment-large size-large wp-image-1656\" alt=\"ChatGPT Image 2 ene 2026, 04 45 14 p.m.\" srcset=\"https:\/\/www.paulabarembuem.com\/wp-content\/uploads\/2026\/01\/ChatGPT-Image-2-ene-2026-04_45_14-p.m.png 1024w, https:\/\/www.paulabarembuem.com\/wp-content\/uploads\/2026\/01\/ChatGPT-Image-2-ene-2026-04_45_14-p.m-768x1152.png 768w\" sizes=\"(max-width: 1024px) 100vw, 1024px\" \/>\t\t\t\t\t\t\t\t\t\t\t\t\t\t\t<\/div>\n\t\t\t\t<\/div>\n\t\t\t\t<\/div>\n\t\t<div class=\"elementor-element elementor-element-131d309 e-con-full e-flex e-con e-child\" data-id=\"131d309\" data-element_type=\"container\" data-e-type=\"container\">\n\t\t\t\t<div class=\"elementor-element elementor-element-8cebc8d elementor-widget elementor-widget-heading\" data-id=\"8cebc8d\" data-element_type=\"widget\" data-e-type=\"widget\" data-widget_type=\"heading.default\">\n\t\t\t\t<div class=\"elementor-widget-container\">\n\t\t\t\t\t<h2 class=\"elementor-heading-title elementor-size-default\">WHEN MUSIC BRINGS PEOPLE TOGETHER...\n<br>\nA weekend for choir and orchestra<br><\/h2>\t\t\t\t<\/div>\n\t\t\t\t<\/div>\n\t\t\t\t<div class=\"elementor-element elementor-element-697d53e elementor-widget elementor-widget-text-editor\" data-id=\"697d53e\" data-element_type=\"widget\" data-e-type=\"widget\" data-widget_type=\"text-editor.default\">\n\t\t\t\t<div class=\"elementor-widget-container\">\n\t\t\t\t\t\t\t\t\t<p>Whether you are a singer or instrumentalist \u2013 people of all ages and musical abilities are welcome! Together with the choir and orchestra, we will work on a varied programme of classical, pop, jazz and world music. Rehearsals in small groups and with the entire ensemble will culminate in an exciting public concert!<\/p><p><strong>WHEN:<\/strong> 18 &amp; 19 April 2026<\/p><p><strong>WHERE:<\/strong> Auferstehungskirche, Lindengasse 44A, 1070 Vienna<\/p><p><strong>Rehearsal times:<\/strong><\/p><p>Saturday &amp; Sunday, 10:00 a.m.\u20131:00 p.m. and 3:00\u20136:00 p.m.<\/p><p><strong>Final concert:<\/strong> Sunday, 19 April, 7:30 p.m. \u2013 free admission!<\/p><p><strong>Participation fee:<\/strong> \u20ac225 \/ \u20ac195 (early bird price for registrations before 31 January 2026)<\/p><p><strong>Registration and contact:<\/strong><\/p><p>Paula Barembuem<\/p><p>Email: info@paulabarembuem.com<\/p><p>Tel. +43 699 127 195 51<\/p><p><strong>CONCEPT:<\/strong> A weekend full of music, rhythm, encounters and inspiration!<\/p><p>The focus is on the joy of making music together. In an open and appreciative atmosphere, singers and instrumentalists come together not only to play music, but to experience it together.<br \/>The joint stage experience is the highlight of the weekend: it brings to life what can be achieved in a short time through the interaction of choir and orchestra. At the same time, the workshop offers space for encounters, creative exchange, personal and musical growth \u2013 regardless of individual background.<\/p><p>Included in the price:<\/p><p>\u2022 Sheet music at the appropriate level of difficulty and song lyrics as well as practice recordings&lt;br&gt;\u2022 Diverse repertoire ranging from classical, pop, jazz and world music<br \/>\u2022 Professional musical direction, playing technique and voice training<br \/>\u2022 Rehearsals in sub-groups (instrumental and vocal) as well as in the full ensemble<br \/>\u2022 Two coffee and tea breaks with drinks and snacks during rehearsal time<br \/>\u2022 Final concert with public performance of the programme \u2013 free admission!<\/p><p>One month before the start, all participants will receive sheet music and lyrics as well as practice recordings for independent preparation.<\/p><p>We look forward to seeing you!<\/p><p>Alejandro &amp; Paula<\/p>\t\t\t\t\t\t\t\t<\/div>\n\t\t\t\t<\/div>\n\t\t\t\t<\/div>\n\t\t\t\t\t<\/div>\n\t\t\t\t<\/div>\n\t\t<div class=\"elementor-element elementor-element-1e09087 e-flex e-con-boxed e-con e-parent\" data-id=\"1e09087\" data-element_type=\"container\" data-e-type=\"container\">\n\t\t\t\t\t<div class=\"e-con-inner\">\n\t\t<div class=\"elementor-element elementor-element-83d0d99 e-con-full e-flex e-con e-child\" data-id=\"83d0d99\" data-element_type=\"container\" data-e-type=\"container\">\n\t\t\t\t<div class=\"elementor-element elementor-element-0fc6a7a elementor-widget elementor-widget-image\" data-id=\"0fc6a7a\" data-element_type=\"widget\" data-e-type=\"widget\" data-widget_type=\"image.default\">\n\t\t\t\t<div class=\"elementor-widget-container\">\n\t\t\t\t\t\t\t\t\t\t\t\t\t\t\t<img decoding=\"async\" width=\"580\" height=\"387\" src=\"https:\/\/www.paulabarembuem.com\/wp-content\/uploads\/2023\/05\/Paula-plus-Choir.webp\" class=\"attachment-full size-full wp-image-291\" alt=\"Paula plus Choir\" \/>\t\t\t\t\t\t\t\t\t\t\t\t\t\t\t<\/div>\n\t\t\t\t<\/div>\n\t\t\t\t<div class=\"elementor-element elementor-element-20136a5 elementor-widget elementor-widget-heading\" data-id=\"20136a5\" data-element_type=\"widget\" data-e-type=\"widget\" data-widget_type=\"heading.default\">\n\t\t\t\t<div class=\"elementor-widget-container\">\n\t\t\t\t\t<div class=\"elementor-heading-title elementor-size-default\">\u00a9 Thomas Lieser<\/div>\t\t\t\t<\/div>\n\t\t\t\t<\/div>\n\t\t\t\t<\/div>\n\t\t<div class=\"elementor-element elementor-element-9b2bf80 e-con-full e-flex e-con e-child\" data-id=\"9b2bf80\" data-element_type=\"container\" data-e-type=\"container\">\n\t\t\t\t<div class=\"elementor-element elementor-element-150b1d2 elementor-widget elementor-widget-heading\" data-id=\"150b1d2\" data-element_type=\"widget\" data-e-type=\"widget\" data-widget_type=\"heading.default\">\n\t\t\t\t<div class=\"elementor-widget-container\">\n\t\t\t\t\t<h2 class=\"elementor-heading-title elementor-size-default\">OPEN SINGING<\/h2>\t\t\t\t<\/div>\n\t\t\t\t<\/div>\n\t\t\t\t<div class=\"elementor-element elementor-element-587939a elementor-widget elementor-widget-text-editor\" data-id=\"587939a\" data-element_type=\"widget\" data-e-type=\"widget\" data-widget_type=\"text-editor.default\">\n\t\t\t\t<div class=\"elementor-widget-container\">\n\t\t\t\t\t\t\t\t\t<p>People of all ages who would like to share their joy of singing with others: Whether you have many years of choir experience or a less tuned singing voice &#8211; everyone is welcome!<br \/>We sing together polyphonic songs from all over the world, canons, pop songs, as well as pieces from the classical choral repertoire. All kinds of inspiring music, from very swinging and rhythmic to very heartfelt and touching. And it will also sound beautifully!<br \/>Each singing session is as unique as the group meeting on that particular evening.<\/p><p>No pre-registration necessary!<br \/><strong>Costs: EU 15 per evening<\/strong> (sheet music and song texts are included)<\/p><p><strong>WHERE:<\/strong> zeiTraum, Bandgasse 34\/29c, 1070 Wien (Barefoot room! Please bring your own slippers)<\/p><p><strong>WHEN:<\/strong> Every third Monday of the month (weekdays) from 18.30 to 20.30<\/p><p><strong>UPCOMING DATES 2026:<\/strong><\/p><p>19th January<br \/>16th February\u00a0\u00a0<br \/>16th March<br \/>20th April\u00a0<br \/>18th May<br \/>15th June<\/p><p>\u00a0<\/p>\t\t\t\t\t\t\t\t<\/div>\n\t\t\t\t<\/div>\n\t\t\t\t<\/div>\n\t\t\t\t\t<\/div>\n\t\t\t\t<\/div>\n\t\t<div class=\"elementor-element elementor-element-e45ad03 elementor-hidden-desktop elementor-hidden-tablet elementor-hidden-mobile e-flex e-con-boxed e-con e-parent\" data-id=\"e45ad03\" data-element_type=\"container\" data-e-type=\"container\">\n\t\t\t\t\t<div class=\"e-con-inner\">\n\t\t\t\t<div class=\"elementor-element elementor-element-cc9f0e9 elementor-widget elementor-widget-text-editor\" data-id=\"cc9f0e9\" data-element_type=\"widget\" data-e-type=\"widget\" data-widget_type=\"text-editor.default\">\n\t\t\t\t<div class=\"elementor-widget-container\">\n\t\t\t\t\t\t\t\t\t<p>Lorem ipsum dolor sit amet, consectetur adipiscing elit. Ut elit tellus, luctus nec ullamcorper mattis, pulvinar dapibus leo.<\/p>\t\t\t\t\t\t\t\t<\/div>\n\t\t\t\t<\/div>\n\t\t\t\t\t<\/div>\n\t\t\t\t<\/div>\n\t\t<div class=\"elementor-element elementor-element-107cf54 elementor-hidden-desktop elementor-hidden-tablet elementor-hidden-mobile e-flex e-con-boxed e-con e-parent\" data-id=\"107cf54\" data-element_type=\"container\" data-e-type=\"container\">\n\t\t\t\t\t<div class=\"e-con-inner\">\n\t\t<div class=\"elementor-element elementor-element-a97a968 e-con-full e-flex e-con e-child\" data-id=\"a97a968\" data-element_type=\"container\" data-e-type=\"container\">\n\t\t\t\t<div class=\"elementor-element elementor-element-4feea7e elementor-widget elementor-widget-image\" data-id=\"4feea7e\" data-element_type=\"widget\" data-e-type=\"widget\" data-widget_type=\"image.default\">\n\t\t\t\t<div class=\"elementor-widget-container\">\n\t\t\t\t\t\t\t\t\t\t\t\t\t\t\t<img decoding=\"async\" width=\"2560\" height=\"1920\" src=\"https:\/\/www.paulabarembuem.com\/wp-content\/uploads\/2023\/09\/studio-scaled.jpg\" class=\"attachment-large size-large wp-image-860\" alt=\"Studio\" srcset=\"https:\/\/www.paulabarembuem.com\/wp-content\/uploads\/2023\/09\/studio-scaled.jpg 2560w, https:\/\/www.paulabarembuem.com\/wp-content\/uploads\/2023\/09\/studio-768x576.jpg 768w, https:\/\/www.paulabarembuem.com\/wp-content\/uploads\/2023\/09\/studio-1536x1152.jpg 1536w, https:\/\/www.paulabarembuem.com\/wp-content\/uploads\/2023\/09\/studio-2048x1536.jpg 2048w\" sizes=\"(max-width: 2560px) 100vw, 2560px\" \/>\t\t\t\t\t\t\t\t\t\t\t\t\t\t\t<\/div>\n\t\t\t\t<\/div>\n\t\t\t\t<\/div>\n\t\t<div class=\"elementor-element elementor-element-4a69ed5 e-con-full e-flex e-con e-child\" data-id=\"4a69ed5\" data-element_type=\"container\" data-e-type=\"container\">\n\t\t\t\t<div class=\"elementor-element elementor-element-b6f8db6 elementor-widget elementor-widget-heading\" data-id=\"b6f8db6\" data-element_type=\"widget\" data-e-type=\"widget\" data-widget_type=\"heading.default\">\n\t\t\t\t<div class=\"elementor-widget-container\">\n\t\t\t\t\t<h2 class=\"elementor-heading-title elementor-size-default\">ELEMENTARES MUSIZIEREN F\u00dcR ERWACHSENE<\/h2>\t\t\t\t<\/div>\n\t\t\t\t<\/div>\n\t\t\t\t<div class=\"elementor-element elementor-element-16b2b9d elementor-widget elementor-widget-text-editor\" data-id=\"16b2b9d\" data-element_type=\"widget\" data-e-type=\"widget\" data-widget_type=\"text-editor.default\">\n\t\t\t\t<div class=\"elementor-widget-container\">\n\t\t\t\t\t\t\t\t\t<p>Du hast bereits Instrumentalunterricht genommen, in einer Band gespielt oder in einem Chor gesungen? Dabei stand f\u00fcr Dich die Freude an der Musik und das Teilen dieser Freude mit Gleichgesinnten im Vordergrund?<br \/>Dann ist dieser Kurs genau das Richtige f\u00fcr Dich: Im Rahmen des elementaren Musizierens wollen wir Musik mit allen gegenw\u00e4rtigen in der Gruppe verf\u00fcgbaren Mitteln (Instrumente, Stimmen, Body-Percussion) miteinander erfahren und gestalten. Ausgangspunkte k\u00f6nnen Lieder, Rhythmen, Improvisation sowie eine schlichte Akkordfolge sein. Daraus ergibt sich einen einzigartigen kreativen Prozess, aus dem das gemeinsame Musizieren entsteht. <br \/>Am Ende des Kurses verf\u00fcgen wir \u00fcber ein Repertoire aus Liedern, Kompositionen, Arrangements und Erfahrungen im Umgang mit verschiedensten Instrumenten (Klavier, Gitarre, E-Bass, Schlagzeug, Percussion, Stimme).<\/p><p><strong>Tom\u00e1s Guadix, Wer bin ich?<\/strong> Musik- und Theaterp\u00e4dagoge. Urspr\u00fcnglich aus Argentinien habe ich mehrere Jahre in Brasilien gelebt und studiert. Ich bin seit vielen Jahren in den Wiener Musikschulen und an der Universit\u00e4t f\u00fcr Musik und darstellende Kunst Wien im Fachbereich Elementare Musikp\u00e4dagogik t\u00e4tig.<\/p><p><strong>WANN:<\/strong> Montags bzw Donnerstags ab 18.30 Uhr, 2-Stunden-Einheiten.\u00a0 Der genauer Zeitrahmen wird am Anfang des Kurses mit jeder Gruppe vereinbart und fixiert.<br \/>Regelm\u00e4ssigkeit:\u00a0 2 Mal im Monat ab Oktober 2023<\/p><p><strong>WO:<\/strong> Studio Hugl, Huglgasse 24, Top 9 Studio, 2. Stock, 1150 Wien<br \/>U3 Schweglerstra\u00dfe, Strassenbahn 49 &amp; 9, Bus 12A<\/p><p><strong>KOSTEN<\/strong><br \/>10er Block \u20ac250<br \/>(Schnupperstunde bei allen Kursen m\u00f6glich!)<\/p><p><strong>KONTAKT: TOM\u00c1S GUADIX<\/strong><br \/><strong>Email: tomas.guadix@kuriero.eu<\/strong><br \/><strong>Tel: 06643292804<\/strong><\/p>\t\t\t\t\t\t\t\t<\/div>\n\t\t\t\t<\/div>\n\t\t\t\t<\/div>\n\t\t\t\t\t<\/div>\n\t\t\t\t<\/div>\n\t\t\t\t<\/div>\n\t\t","protected":false},"excerpt":{"rendered":"<p>WHEN MUSIC BRINGS PEOPLE TOGETHER&#8230; A weekend for choir and orchestra Whether you are a singer or instrumentalist \u2013 people of all ages and musical abilities are welcome! Together with the choir and orchestra, we will work on a varied programme of classical, pop, jazz and world music. Rehearsals in small groups and with the [&hellip;]<\/p>\n","protected":false},"author":3,"featured_media":0,"parent":0,"menu_order":0,"comment_status":"closed","ping_status":"closed","template":"","meta":{"_acf_changed":false,"slim_seo":{"title":"Choirs & Singing Lessons - Paula Barembuem","description":"WHEN MUSIC BRINGS PEOPLE TOGETHER... A weekend for choir and orchestra Whether you are a singer or instrumentalist \u2013 people of all ages and musical abilities ar"},"footnotes":""},"class_list":["post-243","page","type-page","status-publish","hentry"],"acf":[],"_links":{"self":[{"href":"https:\/\/www.paulabarembuem.com\/en\/wp-json\/wp\/v2\/pages\/243","targetHints":{"allow":["GET"]}}],"collection":[{"href":"https:\/\/www.paulabarembuem.com\/en\/wp-json\/wp\/v2\/pages"}],"about":[{"href":"https:\/\/www.paulabarembuem.com\/en\/wp-json\/wp\/v2\/types\/page"}],"author":[{"embeddable":true,"href":"https:\/\/www.paulabarembuem.com\/en\/wp-json\/wp\/v2\/users\/3"}],"replies":[{"embeddable":true,"href":"https:\/\/www.paulabarembuem.com\/en\/wp-json\/wp\/v2\/comments?post=243"}],"version-history":[{"count":51,"href":"https:\/\/www.paulabarembuem.com\/en\/wp-json\/wp\/v2\/pages\/243\/revisions"}],"predecessor-version":[{"id":1686,"href":"https:\/\/www.paulabarembuem.com\/en\/wp-json\/wp\/v2\/pages\/243\/revisions\/1686"}],"wp:attachment":[{"href":"https:\/\/www.paulabarembuem.com\/en\/wp-json\/wp\/v2\/media?parent=243"}],"curies":[{"name":"wp","href":"https:\/\/api.w.org\/{rel}","templated":true}]}}